{"id":593,"date":"2022-10-24T09:39:59","date_gmt":"2022-10-24T14:39:59","guid":{"rendered":"https:\/\/www.sumaholding.pe\/?page_id=593"},"modified":"2022-11-23T10:01:18","modified_gmt":"2022-11-23T15:01:18","slug":"elementor-593","status":"publish","type":"page","link":"https:\/\/www.sumaholding.pe\/","title":{"rendered":"Elementor #593"},"content":{"rendered":"<h2>\n\t\t\t\t\tContacta con nosotros Page<\/h2>\n<p>Inicio &#8211; p\u00e1gina &#8211; cont\u00e1ctenos<\/p>\n<h2>\n\t\t\t\t\tMedio de Comunicaci\u00f3n<\/h2>\n<p><img decoding=\"async\" width=\"490\" height=\"490\" src=\"https:\/\/www.sumaholding.pe\/wp-content\/uploads\/2022\/10\/innc019.png\" alt=\"\" loading=\"lazy\" srcset=\"https:\/\/www.sumaholding.pe\/wp-content\/uploads\/2022\/10\/innc019.png 490w, https:\/\/www.sumaholding.pe\/wp-content\/uploads\/2022\/10\/innc019-300x300.png 300w, https:\/\/www.sumaholding.pe\/wp-content\/uploads\/2022\/10\/innc019-150x150.png 150w, https:\/\/www.sumaholding.pe\/wp-content\/uploads\/2022\/10\/innc019-100x100.png 100w\" sizes=\"auto, (max-width: 490px) 100vw, 490px\"><\/p>\n<h4>\n                        <a>Telefono <\/a><\/h4>\n<p><a href=\"#\"><br \/>\n+5116341230                                <\/a><br \/>\n<img decoding=\"async\" width=\"490\" height=\"490\" src=\"https:\/\/www.sumaholding.pe\/wp-content\/uploads\/2022\/10\/innc020.png\" alt=\"\" loading=\"lazy\" srcset=\"https:\/\/www.sumaholding.pe\/wp-content\/uploads\/2022\/10\/innc020.png 490w, https:\/\/www.sumaholding.pe\/wp-content\/uploads\/2022\/10\/innc020-300x300.png 300w, https:\/\/www.sumaholding.pe\/wp-content\/uploads\/2022\/10\/innc020-150x150.png 150w, https:\/\/www.sumaholding.pe\/wp-content\/uploads\/2022\/10\/innc020-100x100.png 100w\" sizes=\"auto, (max-width: 490px) 100vw, 490px\"><\/p>\n<h4>\n                        <a>Email <\/a><\/h4>\n<p><a href=\"#\"><br \/>\nconta@sumaholding.pe                                <\/a><br \/>\n<img decoding=\"async\" width=\"490\" height=\"490\" src=\"https:\/\/www.sumaholding.pe\/wp-content\/uploads\/2022\/10\/innc018.png\" alt=\"\" loading=\"lazy\" srcset=\"https:\/\/www.sumaholding.pe\/wp-content\/uploads\/2022\/10\/innc018.png 490w, https:\/\/www.sumaholding.pe\/wp-content\/uploads\/2022\/10\/innc018-300x300.png 300w, https:\/\/www.sumaholding.pe\/wp-content\/uploads\/2022\/10\/innc018-150x150.png 150w, https:\/\/www.sumaholding.pe\/wp-content\/uploads\/2022\/10\/innc018-100x100.png 100w\" sizes=\"auto, (max-width: 490px) 100vw, 490px\"><\/p>\n<h4>\n                        <a>Ubicanos <\/a><\/h4>\n<p><a href=\"#\"><br \/>\nCa. Monte Rosa # 255 &#8211; Santiago de Surco                                <\/a><\/p>\n<h2>\n\t\t\t\t\tPonerse en contacto<\/h2>\n<h2>\n\t\t\t\t\tRedes Social &#8211; Proximamente<\/h2>\n<figure><img decoding=\"async\" width=\"332\" height=\"332\" src=\"https:\/\/www.sumaholding.pe\/wp-content\/uploads\/2022\/10\/innc021.png\" alt=\"\" loading=\"lazy\"><\/figure>\n<h5>Facebook<\/h5>\n<p>@inbusiness<\/p>\n<figure><img decoding=\"async\" width=\"332\" height=\"332\" src=\"https:\/\/www.sumaholding.pe\/wp-content\/uploads\/2022\/10\/innc022.png\" alt=\"\" loading=\"lazy\"><\/figure>\n<h5>Instagram<\/h5>\n<p>@inbusiness<\/p>\n<p><iframe frameborder=\"0\" scrolling=\"no\" marginheight=\"0\" marginwidth=\"0\" src=\"https:\/\/maps.google.com\/maps?q=Monte%20Rosa%20255%20santiago%20de%20surco%20peru&amp;t=m&amp;z=12&amp;output=embed&amp;iwloc=near\" title=\"Monte Rosa 255 santiago de surco peru\" aria-label=\"Monte Rosa 255 santiago de surco peru\"><\/iframe><\/p>\n","protected":false},"excerpt":{"rendered":"<p>Contacta con nosotros Page Inicio &#8211; p\u00e1gina &#8211; cont\u00e1ctenos Medio de Comunicaci\u00f3n Telefono +5116341230 Email conta@sumaholding.pe Ubicanos Ca. Monte Rosa # 255 &#8211; Santiago de Surco Ponerse en contacto Redes Social &#8211; Proximamente Facebook @inbusiness Instagram @inbusiness<\/p>\n","protected":false},"author":1,"featured_media":0,"parent":0,"menu_order":0,"comment_status":"closed","ping_status":"closed","template":"elementor_canvas","meta":{"footnotes":""},"class_list":["post-593","page","type-page","status-publish","hentry","entry"],"_links":{"self":[{"href":"https:\/\/www.sumaholding.pe\/index.php\/wp-json\/wp\/v2\/pages\/593","targetHints":{"allow":["GET"]}}],"collection":[{"href":"https:\/\/www.sumaholding.pe\/index.php\/wp-json\/wp\/v2\/pages"}],"about":[{"href":"https:\/\/www.sumaholding.pe\/index.php\/wp-json\/wp\/v2\/types\/page"}],"author":[{"embeddable":true,"href":"https:\/\/www.sumaholding.pe\/index.php\/wp-json\/wp\/v2\/users\/1"}],"replies":[{"embeddable":true,"href":"https:\/\/www.sumaholding.pe\/index.php\/wp-json\/wp\/v2\/comments?post=593"}],"version-history":[{"count":8,"href":"https:\/\/www.sumaholding.pe\/index.php\/wp-json\/wp\/v2\/pages\/593\/revisions"}],"predecessor-version":[{"id":644,"href":"https:\/\/www.sumaholding.pe\/index.php\/wp-json\/wp\/v2\/pages\/593\/revisions\/644"}],"wp:attachment":[{"href":"https:\/\/www.sumaholding.pe\/index.php\/wp-json\/wp\/v2\/media?parent=593"}],"curies":[{"name":"wp","href":"https:\/\/api.w.org\/{rel}","templated":true}]}}